{"id":19318,"date":"2021-06-22T13:47:45","date_gmt":"2021-06-22T11:47:45","guid":{"rendered":"https:\/\/uixi.eu\/algemene-voorwaarden\/"},"modified":"2024-07-11T17:48:44","modified_gmt":"2024-07-11T15:48:44","slug":"allgemeine-bedingungen-und-konditionen","status":"publish","type":"page","link":"https:\/\/liberpee.com\/de\/allgemeine-bedingungen-und-konditionen\/","title":{"rendered":"Allgemeine Bedingungen und Konditionen"},"content":{"rendered":"<p>Artikel 1 \u2013 Begriffsbestimmungen<\/p>\n<p>Artikel 2 \u2013 Identit\u00e4t des Unternehmers<\/p>\n<p>Artikel 3 \u2013 Anwendbarkeit<\/p>\n<p>Artikel 4 \u2013 Das Angebot<\/p>\n<p>Artikel 5 \u2013 Die Vereinbarung<\/p>\n<p>Artikel 6 \u2013 Der Preis<\/p>\n<p>Artikel 7 \u2013 Zahlung<\/p>\n<p>Artikel 8 \u2013 Lieferung und Ausf\u00fchrung<\/p>\n<p>Artikel 9 \u2013 Konformit\u00e4t und Garantie<\/p>\n<p>Artikel 10 \u2013 Widerrufsrecht<\/p>\n<p>Artikel 11 \u2013 Ausschluss des Widerrufsrechts<\/p>\n<p>Artikel 12 \u2013 R\u00fccktrittskosten<\/p>\n<p>Artikel 13 \u2013 Gesetzliche Haftung<\/p>\n<p>Artikel 14 \u2013 Beschwerdeverfahren<\/p>\n<h4><strong>Artikel 1 \u2013 Begriffsbestimmungen<\/strong><\/h4>\n<p>In diesen Gesch\u00e4ftsbedingungen gelten die folgenden Definitionen:<\/p>\n<p>Gesetzgebung: Es gilt niederl\u00e4ndisches Recht;<\/p>\n<p>Unternehmer: die nat\u00fcrliche oder juristische Person, die Verbrauchern Produkte und\/oder Dienstleistungen im Fernabsatz anbietet;<\/p>\n<p>Verbraucher: die nat\u00fcrliche Person, die nicht in Aus\u00fcbung eines Berufs oder Gewerbes handelt und die mit dem Unternehmer einen Fernabsatzvertrag abschlie\u00dft;<\/p>\n<p>Fernabsatzvertrag: ein Vertrag, bei dem im Rahmen eines vom Unternehmer organisierten Systems f\u00fcr den Fernabsatz von Produkten und\/oder Dienstleistungen bis einschlie\u00dflich des Vertragsabschlusses ausschlie\u00dflich eine oder mehrere Fernabsatztechniken zum Einsatz kommen Kommunikation;<\/p>\n<p>Technik der Fernkommunikation: Mittel, das zum Abschluss eines Vertrages verwendet werden kann, ohne dass sich Verbraucher und Unternehmer gleichzeitig im selben Raum treffen;<\/p>\n<p>Bedenkzeit: die Frist, innerhalb derer der Verbraucher von seinem Widerrufsrecht Gebrauch machen kann;<\/p>\n<p>Widerrufsrecht: die M\u00f6glichkeit f\u00fcr den Verbraucher, innerhalb der Bedenkzeit vom Fernabsatzvertrag zur\u00fcckzutreten;<\/p>\n<p>Tag: Kalendertag, niederl\u00e4ndische Zeit;<\/p>\n<p>Dauerhafter Datentr\u00e4ger: jedes Mittel, das es dem Verbraucher oder Unternehmer erm\u00f6glicht, an ihn pers\u00f6nlich gerichtete Informationen so zu speichern, dass eine sp\u00e4tere Einsichtnahme und unver\u00e4nderte Wiedergabe der gespeicherten Informationen m\u00f6glich ist.<\/p>\n<h4><strong>Artikel 2 \u2013 Identit\u00e4t des Unternehmers<\/strong><\/h4>\n<p>TDW Import BV<\/p>\n<p>Name Unternehmer: Y.N. de Winter<\/p>\n<p>Besuchsadresse: Linie 1, 5405 AR Uden<\/p>\n<p>Telefonnummer: (+31) 413-256968<\/p>\n<p>E-Mail: info@liberpee.com<\/p>\n<p>Handelskammer: 71337210<\/p>\n<p>Umsatzsteuer-Identifikationsnummer: NL858675857B01<\/p>\n<h4>Artikel 3 \u2013 Anwendbarkeit<\/h4>\n<p>1) Diese Allgemeinen Gesch\u00e4ftsbedingungen gelten f\u00fcr jedes Angebot des Liberpee-Webshops und f\u00fcr jeden zwischen Unternehmer und Verbraucher abgeschlossenen Fernabsatzvertrag.<br \/>\n2) F\u00fcr alle Vereinbarungen zwischen dem Verbraucher und dem Liberpee-Webshop gilt niederl\u00e4ndisches Recht.<br \/>\n3) Der Unternehmer stellt dem Verbraucher diese Allgemeinen Gesch\u00e4ftsbedingungen schnellstm\u00f6glich und kostenlos zur Einsichtnahme zur Verf\u00fcgung. Ist dies zumutbar nicht m\u00f6glich, wird der Unternehmer angeben, wo diese Allgemeinen Gesch\u00e4ftsbedingungen vor Vertragsschluss eingesehen und auf Wunsch kostenlos zugesandt werden k\u00f6nnen.<br \/>\n4) Wenn der Vertrag elektronisch abgeschlossen werden kann, wird der Text dieser Allgemeinen Gesch\u00e4ftsbedingungen elektronisch so bereitgestellt, dass er leicht eingesehen werden kann und auch heruntergeladen werden kann, so dass er auf einem dauerhaften Datentr\u00e4ger gespeichert werden kann elektronischer Datentr\u00e4ger.<\/p>\n<h4><strong>Artikel 4 \u2013 Das Angebot<\/strong><\/h4>\n<p>1) Wenn ein Angebot eine begrenzte G\u00fcltigkeitsdauer hat oder an Bedingungen gekn\u00fcpft ist, wird dies ausdr\u00fccklich im Angebot angegeben.<br \/>\n2) Das Angebot enth\u00e4lt eine vollst\u00e4ndige und genaue Beschreibung der angebotenen Produkte und\/oder Dienstleistungen. Die Beschreibung ist ausreichend detailliert, um eine angemessene Beurteilung des Angebots durch den Verbraucher zu erm\u00f6glichen. Wenn der Unternehmer Bilder verwendet, sind diese eine wahrheitsgetreue Darstellung der angebotenen Produkte und\/oder Dienstleistungen. Offensichtliche Irrt\u00fcmer oder Irrt\u00fcmer im Angebot binden den Unternehmer nicht.<br \/>\n3) Jedes Angebot enth\u00e4lt solche Informationen, dass dem Verbraucher klar ist, welche Rechte und Pflichten mit der Annahme des Angebots verbunden sind. Dies betrifft insbesondere:<\/p>\n<p>\u2013 die Art und Weise, wie der Vertrag zustande kommt und welche Ma\u00dfnahmen daf\u00fcr erforderlich sind;<br \/>\n\u2013 der Preis einschlie\u00dflich Steuern;<br \/>\n&#8211; die Versandkosten;<br \/>\n\u2013 die Zahlungsmethode;<br \/>\n\u2013 die Art der Lieferung oder Ausf\u00fchrung des Vertrags;<br \/>\n\u2013 ob das Widerrufsrecht gilt oder nicht.<\/p>\n<h4><strong>Artikel 5 \u2013 Die Vereinbarung<\/strong><\/h4>\n<p>1) Vorbehaltlich der Bestimmungen in Absatz 5 kommt der Vertrag zum Zeitpunkt der Annahme des Angebots durch den Verbraucher und der Erf\u00fcllung der damit verbundenen Bedingungen zustande.<br \/>\n2) Hat der Verbraucher das Angebot elektronisch angenommen, wird der Unternehmer den Eingang der Annahme des Angebots unverz\u00fcglich elektronisch best\u00e4tigen. Solange der Erhalt dieser Annahme nicht best\u00e4tigt wurde, kann der Verbraucher den Vertrag aufl\u00f6sen.<br \/>\n3) Der Verbraucher ist verpflichtet, Unrichtigkeiten in den angegebenen oder dem Unternehmer mitgeteilten Zahlungs- und Adressdaten unverz\u00fcglich zu melden.<br \/>\n4) Wird der Vertrag auf elektronischem Weg geschlossen, trifft der Unternehmer geeignete technische und organisatorische Ma\u00dfnahmen, um die elektronische Daten\u00fcbertragung zu sichern und eine sichere Webumgebung zu gew\u00e4hrleisten. Wenn der Verbraucher elektronisch bezahlen kann, trifft der Unternehmer geeignete Sicherheitsma\u00dfnahmen.<br \/>\n5) Vor der Lieferung des Produkts oder der Dienstleistung an den Verbraucher wird der Unternehmer die folgenden Informationen schriftlich oder in einer Weise bekannt geben, die dem Verbraucher zug\u00e4nglich ist und auf einem dauerhaften Datentr\u00e4ger gespeichert werden kann:<br \/>\na) die Kontaktadresse des Unternehmers, an die sich der Verbraucher im Falle von Beschwerden wenden kann;<br \/>\nb) die Bedingungen, unter denen und in welcher Weise der Verbraucher von dem Widerrufsrecht Gebrauch machen kann, oder eine klare Aussage \u00fcber den Ausschluss des Widerrufsrechts;<br \/>\nc) die Informationen \u00fcber bestehenden Kundendienst und Garantien;<br \/>\nd) die in Artikel 4 Absatz 3 dieser Bedingungen enthaltenen Informationen.<\/p>\n<h4><strong>Artikel 6 \u2013 Der Preis<\/strong><\/h4>\n<p>1) W\u00e4hrend der im Angebot angegebenen G\u00fcltigkeitsdauer werden die Preise der angebotenen Produkte und\/oder Dienstleistungen nicht erh\u00f6ht, mit Ausnahme von Preis\u00e4nderungen aufgrund von \u00c4nderungen der Mehrwertsteuers\u00e4tze.<br \/>\n2) Die im Sortiment angegebenen Preise enthalten die gesetzliche Mehrwertsteuer.<br \/>\n3) Die im Produktangebot angegebenen Preise verstehen sich zuz\u00fcglich Versandkosten, sofern nicht ausdr\u00fccklich anders angegeben.<\/p>\n<h4><strong>Artikel 7 \u2013 Zahlung<\/strong><\/h4>\n<p>1) Der Verbraucher wird die Zahlung des Vertrags unverz\u00fcglich leisten, indem er den Gesamtbetrag dem im Vertrag angegebenen Bankkonto gutschreibt.<\/p>\n<p>2) Wenn keine Zahlung gem\u00e4\u00df Absatz 1 erfolgt ist, muss die Zahlung vom Verbraucher mindestens innerhalb von 14 Tagen veranlasst werden.<\/p>\n<p>3) Wenn innerhalb von 21 Tagen nach Vertragsschluss keine Zahlung erfolgt ist, beh\u00e4lt sich der Unternehmer das Recht vor, den Vertrag ohne Angabe von Gr\u00fcnden aufzul\u00f6sen. Der Unternehmer wird den Verbraucher hier\u00fcber unverz\u00fcglich informieren.<\/p>\n<p>4) Im Falle einer K\u00fcndigung gem\u00e4\u00df Artikel 9 und\/oder Artikel 10 erstattet der Unternehmer den vom Verbraucher gezahlten Betrag so schnell wie m\u00f6glich, sp\u00e4testens jedoch 30 Tage nach der K\u00fcndigung, vollst\u00e4ndig zur\u00fcck.<\/p>\n<h4>Artikel 8 \u2013 Lieferung und Ausf\u00fchrung<\/h4>\n<p>1) Der Unternehmer wird beim Empfang, bei der Ausf\u00fchrung des Vertrages und bei der Beurteilung von Antr\u00e4gen auf Erbringung von Dienstleistungen die gr\u00f6\u00dftm\u00f6gliche Sorgfalt walten lassen.<\/p>\n<p>2) Verbraucher k\u00f6nnen den Versand oder die Lieferung von Waren nicht verlangen, bevor die Zahlung gem\u00e4\u00df Artikel 7 erfolgt ist.<\/p>\n<p>3) Lieferort ist die Adresse, die der Verbraucher dem Liberpee-Webshop bekannt gegeben hat.<\/p>\n<p>4) Unter Beachtung der Angaben in Absatz 2 und in Artikel 4 wird der Liberpee-Webshop angenommene Bestellungen z\u00fcgig, jedoch sp\u00e4testens innerhalb von 15 Tagen ausf\u00fchren, sofern keine l\u00e4ngere Lieferfrist vereinbart wurde.<\/p>\n<p>5) Verz\u00f6gert sich die Lieferung oder kann eine Bestellung nicht oder nur teilweise ausgef\u00fchrt werden, wird dies dem Verbraucher sp\u00e4testens einen Monat nach Aufgabe der Bestellung mitgeteilt. In diesem Fall hat der Verbraucher das Recht, den Vertrag kostenlos aufzul\u00f6sen.<\/p>\n<p>6) Das Risiko der Besch\u00e4digung und\/oder des Verlusts von Produkten liegt bis zum Zeitpunkt der Lieferung an den Verbraucher beim Unternehmer, sofern nicht ausdr\u00fccklich etwas anderes vereinbart wurde.<\/p>\n<h4><strong>Artikel 9 \u2013 Konformit\u00e4t und Gew\u00e4hrleistung<\/strong><\/h4>\n<p>1) Obwohl wir unser Bestes tun, um alle Details, Beschreibungen und Preisinformationen auf der Website so genau wie m\u00f6glich darzustellen, ist es m\u00f6glich, dass die Website Ungenauigkeiten enth\u00e4lt. Wir behalten uns das Recht vor, Fehler, Unklarheiten oder fehlende Informationen ohne vorherige Ank\u00fcndigung zu erg\u00e4nzen oder zu korrigieren. Wir behalten uns das Recht vor, Bestellungen zu stornieren, die aufgrund offensichtlich falscher Informationen erteilt wurden.<\/p>\n<p>2) Der Unternehmer garantiert, dass die Produkte und\/oder Dienstleistungen unter Beachtung von Absatz 1 dem Vertrag, den im Angebot angegebenen Spezifikationen, den angemessenen Anforderungen an Zuverl\u00e4ssigkeit und\/oder Verwendbarkeit und den bestehenden gesetzlichen Bestimmungen entsprechen und\/oder beh\u00f6rdliche Vorschriften des Vertragsschlusses.<\/p>\n<p>3) Der Unternehmer garantiert, dass die Produkte und\/oder Dienstleistungen am Tag des Vertragsabschlusses den im Angebot angegebenen Spezifikationen entsprechen und angemessene Anforderungen in Bezug auf Verwendbarkeit und\/oder Zuverl\u00e4ssigkeit erf\u00fcllen und den gesetzlichen Vorschriften entsprechen.<\/p>\n<p>4) Eine vom Unternehmer, Hersteller oder Importeur als zus\u00e4tzliche Garantie angebotene Regelung ber\u00fchrt nicht die Rechte und Anspr\u00fcche, die der Verbraucher in Bezug auf einen Mangel bei der Erf\u00fcllung der Verpflichtungen des Unternehmers gegen\u00fcber dem Verbraucher aufgrund der geltend machen kann Gesetz und\/oder Fernabsatzvertrag.<\/p>\n<h4>Artikel 10 \u2013 Widerrufsrecht bei Lieferung von Produkten<\/h4>\n<p>1) ACHTUNG! Aus hygienischen Gr\u00fcnden ist ein R\u00fccktritt vom Kauf von Liberpee-Produkten nur bei nachweisbaren Herstellungsfehlern m\u00f6glich.<\/p>\n<p>2) Wenn ein Herstellungsfehler aufgetreten ist, kann der Verbraucher das Produkt zur\u00fcckgeben und die Kosten werden vollst\u00e4ndig erstattet. Bitte wenden Sie sich immer so schnell wie m\u00f6glich an den Liberpee-Webshop.<\/p>\n<p>3) Eine irrt\u00fcmlich erteilte Bestellung kann vor dem Versand widerrufen werden.<\/p>\n<p>4) Wenn der Verbraucher nachweisen kann, dass der Liberpee-Webshop den Vertrag nicht gem\u00e4\u00df Artikel 9 erf\u00fcllt hat, kann der Verbraucher ohne weitere Angabe von Gr\u00fcnden vom Vertrag zur\u00fccktreten.<\/p>\n<p>5) Im Falle des Widerrufs wird der Verbraucher das Produkt einschlie\u00dflich aller gelieferten Zubeh\u00f6rteile und im Originalzustand einschlie\u00dflich Verpackung gem\u00e4\u00df den Anweisungen des Unternehmers zur\u00fccksenden.<\/p>\n<p>6) Aufgrund gesetzlicher Vorgaben kann auf der Website ein Muster-Widerrufsformular heruntergeladen werden.<\/p>\n<h4>Artikel 11 \u2013 Ausschluss des Widerrufsrechts<\/h4>\n<p>Nur wenn der Unternehmer dies zum Zeitpunkt des Angebots der Dienstleistung oder des Produkts oder in jedem Fall innerhalb einer angemessenen Frist vor Vertragsschluss deutlich mitgeteilt hat, kann der Unternehmer die folgenden Produkte oder Dienstleistungen vom Widerrufsrecht ausschlie\u00dfen:<\/p>\n<ol>\n<li>a) Produkte, die aus hygienischen Gr\u00fcnden nicht zur R\u00fcckgabe geeignet sind;<\/li>\n<li>b) Versiegelte Produkte, die aus Gesundheits- oder Hygienegr\u00fcnden nicht zur R\u00fcckgabe geeignet sind und deren Versiegelung entfernt wurde;<\/li>\n<li>c) Produkte, die nicht aus einem Standardherstellungsprozess stammen, sondern nach den speziellen W\u00fcnschen des Verbrauchers oder speziell f\u00fcr eine bestimmte Person hergestellt werden.<\/li>\n<\/ol>\n<h4><strong>Artikel 12 \u2013 R\u00fccktrittskosten<\/strong><\/h4>\n<p>1) Macht der Verbraucher von seinem Widerrufsrecht Gebrauch, gehen h\u00f6chstens die Kosten der R\u00fccksendung zu seinen Lasten.<\/p>\n<p>2) Der Unternehmer erstattet nach R\u00fccksprache alle Kosten, einschlie\u00dflich Versandkosten, die dem Verbraucher f\u00fcr die Lieferung von Produkten entstehen, innerhalb von 14 Tagen nach dem Tag, an dem der Unternehmer die Produkte zur\u00fcckerh\u00e4lt, oder bis der Verbraucher nachgewiesen hat, dass die Produkte haben zur\u00fcckgesendet wurden.<\/p>\n<p>3) W\u00e4hlt der Verbraucher eine teurere R\u00fccksendungsart als den g\u00fcnstigsten Standardversand oder eine vom Unternehmer nicht zugelassene Versandart, muss der Unternehmer die Mehrkosten nicht erstatten.<\/p>\n<h4><strong>Artikel 13 \u2013 Haftung<\/strong><\/h4>\n<p>Weder der Liberpee-Webshop, der Unternehmer noch der Hersteller k\u00f6nnen f\u00fcr Sch\u00e4den haftbar gemacht werden, die dadurch entstehen, dass das Produkt im Einzelfall nicht wie erwartet funktioniert oder durch unsachgem\u00e4\u00dfe Verwendung verursacht wird.<\/p>\n<h4>Artikel 14 \u2013 Beschwerdeverfahren<\/h4>\n<p>1) Reklamationen \u00fcber die Durchf\u00fchrung des Vertrages m\u00fcssen innerhalb von 7 Tagen, nachdem der Verbraucher die M\u00e4ngel entdeckt hat, vollst\u00e4ndig und klar beschrieben beim Unternehmer eingereicht werden.<\/p>\n<p>2) An den Unternehmer gerichtete Beschwerden werden innerhalb einer Frist von 14 Tagen ab dem Datum des Eingangs beantwortet. Erfordert eine Beschwerde eine absehbar l\u00e4ngere Bearbeitungszeit, antwortet der Unternehmer innerhalb der Frist von 14 Tagen mit einer Eingangsbest\u00e4tigung und einem Hinweis, wann der Verbraucher mit einer ausf\u00fchrlicheren Antwort rechnen kann.<\/p>\n","protected":false},"excerpt":{"rendered":"<p>Artikel 1 \u2013 Begriffsbestimmungen Artikel 2 \u2013 Identit\u00e4t des Unternehmers Artikel 3 \u2013 Anwendbarkeit Artikel 4 \u2013 Das Angebot Artikel 5 \u2013 Die Vereinbarung Artikel 6 \u2013 Der Preis Artikel 7 \u2013 Zahlung Artikel 8 \u2013 Lieferung und Ausf\u00fchrung Artikel 9 \u2013 Konformit\u00e4t und Garantie Artikel 10 \u2013 Widerrufsrecht Artikel 11 \u2013 Ausschluss des Widerrufsrechts [&hellip;]<\/p>\n","protected":false},"author":8153,"featured_media":0,"parent":0,"menu_order":0,"comment_status":"closed","ping_status":"closed","template":"","meta":{"footnotes":""},"class_list":["post-19318","page","type-page","status-publish","hentry"],"_links":{"self":[{"href":"https:\/\/liberpee.com\/de\/wp-json\/wp\/v2\/pages\/19318","targetHints":{"allow":["GET"]}}],"collection":[{"href":"https:\/\/liberpee.com\/de\/wp-json\/wp\/v2\/pages"}],"about":[{"href":"https:\/\/liberpee.com\/de\/wp-json\/wp\/v2\/types\/page"}],"author":[{"embeddable":true,"href":"https:\/\/liberpee.com\/de\/wp-json\/wp\/v2\/users\/8153"}],"replies":[{"embeddable":true,"href":"https:\/\/liberpee.com\/de\/wp-json\/wp\/v2\/comments?post=19318"}],"version-history":[{"count":17,"href":"https:\/\/liberpee.com\/de\/wp-json\/wp\/v2\/pages\/19318\/revisions"}],"predecessor-version":[{"id":70217,"href":"https:\/\/liberpee.com\/de\/wp-json\/wp\/v2\/pages\/19318\/revisions\/70217"}],"wp:attachment":[{"href":"https:\/\/liberpee.com\/de\/wp-json\/wp\/v2\/media?parent=19318"}],"curies":[{"name":"wp","href":"https:\/\/api.w.org\/{rel}","templated":true}]}}