{"id":19315,"date":"2021-06-22T13:20:59","date_gmt":"2021-06-22T11:20:59","guid":{"rendered":"https:\/\/uixi.eu\/privacy-policy\/"},"modified":"2023-04-18T16:23:38","modified_gmt":"2023-04-18T14:23:38","slug":"privacy","status":"publish","type":"page","link":"https:\/\/liberpee.com\/de\/privacy\/","title":{"rendered":"Privacy"},"content":{"rendered":"\n\u00a0\n<p>Ihre Privatsph\u00e4re ist uns sehr wichtig. Wir halten uns daher an das Datenschutzgesetz. Das bedeutet, dass Ihre Daten bei uns sicher sind und wir sie stets richtig verwenden. In dieser Datenschutzerkl\u00e4rung erkl\u00e4ren wir, was wir im Webshop <a href=\"https:\/\/liberpee.com\">www.liberpee.com<\/a> mit Informationen tun, die wir \u00fcber Sie erfahren.<\/p>\n<p>Wenn Sie Fragen haben oder genau wissen m\u00f6chten, was wir \u00fcber Sie verfolgen, wenden Sie sich bitte an <a href=\"mailto:info@liberpee.com\">info@liberpee.com<\/a><\/p>\n<h4 class=\"wp-block-heading\"><strong>Personenbezogene Daten, die wir verarbeiten<\/strong><\/h4>\n<p>Liberpee verarbeitet Ihre personenbezogenen Daten, weil Sie unsere Dienste nutzen und\/oder weil Sie uns diese selbst zur Verf\u00fcgung stellen. Nachfolgend finden Sie eine \u00dcbersicht \u00fcber die von uns verarbeiteten personenbezogenen Daten:<\/p>\n<p>&#8211; Vor-und Nachname<\/p>\n<p>&#8211; Adressdaten<\/p>\n<p>&#8211; Telefonnummer<\/p>\n<p>&#8211; E-Mail-Addresse<\/p>\n<p>\u2013 Informationen \u00fcber Ihre Aktivit\u00e4ten auf unserer Website<\/p>\n<p>&#8211; Kontonummer<\/p>\n<h4>Besondere und\/oder sensible personenbezogene Daten, die wir verarbeiten<\/h4>\n<p>Unsere Website und\/oder unser Dienst beabsichtigen nicht, Daten \u00fcber Website-Besucher zu sammeln, die j\u00fcnger als 16 Jahre sind. Es sei denn, sie haben die Erlaubnis der Eltern oder Erziehungsberechtigten. Wir k\u00f6nnen jedoch nicht \u00fcberpr\u00fcfen, ob ein Besucher \u00e4lter als 16 Jahre ist. Wir raten Eltern daher, sich an den Online-Aktivit\u00e4ten ihrer Kinder zu beteiligen, um zu verhindern, dass Daten \u00fcber Kinder ohne elterliche Zustimmung gesammelt werden. Wenn Sie davon \u00fcberzeugt sind, dass wir ohne diese Erlaubnis personenbezogene Daten \u00fcber einen Minderj\u00e4hrigen gesammelt haben, kontaktieren Sie uns bitte unter info@liberpee.com und wir werden diese Informationen l\u00f6schen.<\/p>\n<h4>Zu welchem \u200b\u200bZweck und auf welcher Grundlage verarbeiten wir personenbezogene Daten<\/h4>\n<p>Liberpee verarbeitet Ihre personenbezogenen Daten f\u00fcr die folgenden Zwecke:<\/p>\n<p>\u2013 Bearbeitung Ihrer Zahlung<\/p>\n<p>\u2013 Zusendung unseres Newsletters und\/oder unserer Werbebrosch\u00fcre<\/p>\n<p>\u2013 Um Sie anrufen oder per E-Mail kontaktieren zu k\u00f6nnen, wenn dies f\u00fcr die Erbringung unserer Dienstleistungen erforderlich ist<\/p>\n<p>\u2013 Sie \u00fcber \u00c4nderungen an unseren Dienstleistungen und Produkten zu informieren<\/p>\n<p>\u2013 Um Waren und Dienstleistungen an Sie zu liefern<\/p>\n<p>\u2013 Liberpee verarbeitet personenbezogene Daten auch dann, wenn wir gesetzlich dazu verpflichtet sind, wie etwa Daten, die wir f\u00fcr unsere Steuererkl\u00e4rung ben\u00f6tigen.<\/p>\n<h4>Automatisierte Entscheidungsfindung<\/h4>\n<p>Liberpee trifft keine Entscheidungen auf der Grundlage einer automatisierten Verarbeitung in Angelegenheiten, die (erhebliche) Folgen f\u00fcr Personen haben k\u00f6nnen. Dies sind Entscheidungen, die von Computerprogrammen oder -systemen getroffen werden, ohne dass eine Person (z. B. ein Liberpee-Mitarbeiter) beteiligt ist. Liberpee verwendet die folgenden Computerprogramme oder -systeme:<\/p>\n<p>Mollie \u2013 Zahlungssystem des Webshops<\/p>\n<p>Sendcloud \u2013 Versandsystem des Webshops<\/p>\n<p>Google Analytics \u2013 Analyse der Besucher des Liberpee-Webshops<\/p>\n<p>G-Suite \u2013 E-Mails versenden<\/p>\n<p>Mailchimp \u2013 Versand von Newslettern und Updates \u00fcber Liberpee und seine Produkte.<\/p>\n<h4>Wie lange wir personenbezogene Daten aufbewahren<\/h4>\n<p>Liberpee speichert Ihre personenbezogenen Daten nicht l\u00e4nger als unbedingt erforderlich, um die Zwecke zu erf\u00fcllen, f\u00fcr die Ihre Daten erhoben werden.<\/p>\n<h4>Weitergabe personenbezogener Daten an Dritte<\/h4>\n<p>Liberpee verkauft Ihre Daten nicht an Dritte und stellt sie nur zur Verf\u00fcgung, wenn dies f\u00fcr die Durchf\u00fchrung unserer Vereinbarung mit Ihnen oder zur Erf\u00fcllung einer gesetzlichen Verpflichtung erforderlich ist. Wir schlie\u00dfen mit Unternehmen, die Ihre Daten in unserem Auftrag verarbeiten, einen Verarbeitungsvertrag ab, um das gleiche Ma\u00df an Sicherheit und Vertraulichkeit Ihrer Daten zu gew\u00e4hrleisten. Liberpee bleibt f\u00fcr diese Verarbeitungsvorg\u00e4nge verantwortlich.<\/p>\n<h4>Cookies oder \u00e4hnliche Techniken, die wir verwenden<\/h4>\n<p>Liberpee verwendet nur technische und funktionale Cookies sowie analytische Cookies, die Ihre Privatsph\u00e4re nicht verletzen. Ein Cookie ist eine kleine Textdatei, die auf Ihrem Computer, Tablet oder Smartphone gespeichert wird, wenn Sie diese Website zum ersten Mal besuchen. Die von uns verwendeten Cookies sind f\u00fcr den technischen Betrieb der Website und Ihre Benutzerfreundlichkeit erforderlich. Sie stellen sicher, dass die Website ordnungsgem\u00e4\u00df funktioniert und merken sich beispielsweise Ihre bevorzugten Einstellungen. Auch k\u00f6nnen wir damit unsere Website optimieren. Sie k\u00f6nnen Cookies ablehnen, indem Sie Ihren Internetbrowser so einstellen, dass er keine Cookies mehr speichert. Dar\u00fcber hinaus k\u00f6nnen Sie auch alle zuvor gespeicherten Informationen \u00fcber die Einstellungen Ihres Browsers l\u00f6schen.<\/p>\n<h4>Daten anzeigen, \u00e4ndern oder l\u00f6schen<\/h4>\n<p>Sie haben das Recht, Ihre personenbezogenen Daten einzusehen, zu korrigieren oder zu l\u00f6schen. Dar\u00fcber hinaus haben Sie das Recht, Ihre Einwilligung zur Datenverarbeitung zu widerrufen oder der Verarbeitung Ihrer personenbezogenen Daten durch Liberpee zu widersprechen, und Sie haben das Recht auf Daten\u00fcbertragbarkeit. Das bedeutet, dass Sie uns bitten k\u00f6nnen, die personenbezogenen Daten, die wir \u00fcber Sie haben, in einer Computerdatei an Sie oder eine andere von Ihnen genannte Organisation zu senden. Sie k\u00f6nnen einen Antrag auf Auskunft, Berichtigung, L\u00f6schung, Daten\u00fcbertragung Ihrer personenbezogenen Daten oder einen Antrag auf Widerruf Ihrer Einwilligung oder Widerspruch gegen die Verarbeitung Ihrer personenbezogenen Daten an <a href=\"mailto:info@liberpee.com\">info@liberpee.com<\/a> senden. Um sicherzustellen, dass der Zugangsantrag von Ihnen gestellt wurde, bitten wir Sie, dem Antrag eine Kopie Ihres Identit\u00e4tsnachweises beizuf\u00fcgen. Machen Sie in dieser Kopie Ihr Passfoto, MRZ (maschinenlesbare Zone, der Nummernstreifen am unteren Rand des Passes), Passnummer und B\u00fcrgerservicenummer (BSN) schwarz. Dies dient dem Schutz Ihrer Privatsph\u00e4re. Wir werden Ihre Anfrage so schnell wie m\u00f6glich beantworten, jedoch innerhalb von vier Wochen. Liberpee m\u00f6chte auch darauf hinweisen, dass Sie die M\u00f6glichkeit haben, eine Beschwerde bei der nationalen Aufsichtsbeh\u00f6rde, der niederl\u00e4ndischen Datenschutzbeh\u00f6rde, einzureichen.\u00a0<\/p>\n<h4>Wie wir personenbezogene Daten sch\u00fctzen<\/h4>\n<p>Liberpee nimmt den Schutz Ihrer Daten ernst und ergreift geeignete Ma\u00dfnahmen, um Missbrauch, Verlust, unbefugten Zugriff, unerw\u00fcnschte Offenlegung und unbefugte \u00c4nderung zu verhindern. Wenn Sie den Eindruck haben, dass Ihre Daten nicht ausreichend gesichert sind oder Hinweise auf Missbrauch vorliegen, wenden Sie sich bitte an uns: <a href=\"mailto:info@liberpee.com\">info@liberpee.com<\/a><\/p>\n<p><strong>Kontaktdetails<\/strong><br \/>TDW Import B.V.<br \/>Linie 1<br \/>5405 AR Uden<br \/><a href=\"mailto:info@uliberpee.com\">info@liberpee.com<\/a><br \/>+31 413 256968<\/p>\n","protected":false},"excerpt":{"rendered":"<p>\u00a0 Ihre Privatsph\u00e4re ist uns sehr wichtig. Wir halten uns daher an das Datenschutzgesetz. Das bedeutet, dass Ihre Daten bei uns sicher sind und wir sie stets richtig verwenden. In dieser Datenschutzerkl\u00e4rung erkl\u00e4ren wir, was wir im Webshop www.liberpee.com mit Informationen tun, die wir \u00fcber Sie erfahren. Wenn Sie Fragen haben oder genau wissen m\u00f6chten, [&hellip;]<\/p>\n","protected":false},"author":8153,"featured_media":0,"parent":0,"menu_order":0,"comment_status":"closed","ping_status":"open","template":"","meta":{"footnotes":""},"class_list":["post-19315","page","type-page","status-publish","hentry"],"_links":{"self":[{"href":"https:\/\/liberpee.com\/de\/wp-json\/wp\/v2\/pages\/19315","targetHints":{"allow":["GET"]}}],"collection":[{"href":"https:\/\/liberpee.com\/de\/wp-json\/wp\/v2\/pages"}],"about":[{"href":"https:\/\/liberpee.com\/de\/wp-json\/wp\/v2\/types\/page"}],"author":[{"embeddable":true,"href":"https:\/\/liberpee.com\/de\/wp-json\/wp\/v2\/users\/8153"}],"replies":[{"embeddable":true,"href":"https:\/\/liberpee.com\/de\/wp-json\/wp\/v2\/comments?post=19315"}],"version-history":[{"count":8,"href":"https:\/\/liberpee.com\/de\/wp-json\/wp\/v2\/pages\/19315\/revisions"}],"predecessor-version":[{"id":27986,"href":"https:\/\/liberpee.com\/de\/wp-json\/wp\/v2\/pages\/19315\/revisions\/27986"}],"wp:attachment":[{"href":"https:\/\/liberpee.com\/de\/wp-json\/wp\/v2\/media?parent=19315"}],"curies":[{"name":"wp","href":"https:\/\/api.w.org\/{rel}","templated":true}]}}