{"id":19309,"date":"2021-06-10T14:44:03","date_gmt":"2021-06-10T12:44:03","guid":{"rendered":"https:\/\/uixi.eu\/klantenservice\/"},"modified":"2024-04-08T15:16:20","modified_gmt":"2024-04-08T13:16:20","slug":"kundenservice","status":"publish","type":"page","link":"https:\/\/liberpee.com\/de\/kundenservice\/","title":{"rendered":"Kundenservice"},"content":{"rendered":"\t\t<div data-elementor-type=\"wp-page\" data-elementor-id=\"19309\" class=\"elementor elementor-19309 elementor-433\" data-elementor-post-type=\"page\">\n\t\t\t\t\t\t<section class=\"elementor-section elementor-top-section elementor-element elementor-element-d878256 elementor-section-full_width elementor-section-stretched elementor-section-height-default elementor-section-height-default\" data-id=\"d878256\" data-element_type=\"section\" data-settings=\"{&quot;stretch_section&quot;:&quot;section-stretched&quot;,&quot;background_background&quot;:&quot;classic&quot;}\">\n\t\t\t\t\t\t<div class=\"elementor-container elementor-column-gap-default\">\n\t\t\t\t\t<div class=\"elementor-column elementor-col-100 elementor-top-column elementor-element elementor-element-b591dbd\" data-id=\"b591dbd\" data-element_type=\"column\">\n\t\t\t<div class=\"elementor-widget-wrap elementor-element-populated\">\n\t\t\t\t\t\t<div class=\"elementor-element elementor-element-a927b78 elementor-widget elementor-widget-heading\" data-id=\"a927b78\" data-element_type=\"widget\" data-widget_type=\"heading.default\">\n\t\t\t\t<div class=\"elementor-widget-container\">\n\t\t\t\t\t<h2 class=\"elementor-heading-title elementor-size-default\">Liberpee ist Ihre \u201cLebensretterin\u201d!\n<\/h2>\t\t\t\t<\/div>\n\t\t\t\t<\/div>\n\t\t\t\t<div class=\"elementor-element elementor-element-36ea005 elementor-widget elementor-widget-heading\" data-id=\"36ea005\" data-element_type=\"widget\" data-widget_type=\"heading.default\">\n\t\t\t\t<div class=\"elementor-widget-container\">\n\t\t\t\t\t<p class=\"elementor-heading-title elementor-size-default\">Kundenservice<\/p>\t\t\t\t<\/div>\n\t\t\t\t<\/div>\n\t\t\t\t\t<\/div>\n\t\t<\/div>\n\t\t\t\t\t<\/div>\n\t\t<\/section>\n\t\t\t\t<section class=\"elementor-section elementor-top-section elementor-element elementor-element-d3d7eb1 elementor-section-boxed elementor-section-height-default elementor-section-height-default\" data-id=\"d3d7eb1\" data-element_type=\"section\">\n\t\t\t\t\t\t<div class=\"elementor-container elementor-column-gap-default\">\n\t\t\t\t\t<div class=\"elementor-column elementor-col-100 elementor-top-column elementor-element elementor-element-f64889a\" data-id=\"f64889a\" data-element_type=\"column\">\n\t\t\t<div class=\"elementor-widget-wrap elementor-element-populated\">\n\t\t\t\t\t\t<section class=\"elementor-section elementor-inner-section elementor-element elementor-element-6e93949 elementor-section-boxed elementor-section-height-default elementor-section-height-default\" data-id=\"6e93949\" data-element_type=\"section\">\n\t\t\t\t\t\t<div class=\"elementor-container elementor-column-gap-default\">\n\t\t\t\t\t<div class=\"elementor-column elementor-col-33 elementor-inner-column elementor-element elementor-element-2c0e7d6\" data-id=\"2c0e7d6\" data-element_type=\"column\">\n\t\t\t<div class=\"elementor-widget-wrap\">\n\t\t\t\t\t\t\t<\/div>\n\t\t<\/div>\n\t\t\t\t<div class=\"elementor-column elementor-col-33 elementor-inner-column elementor-element elementor-element-fbcf217\" data-id=\"fbcf217\" data-element_type=\"column\">\n\t\t\t<div class=\"elementor-widget-wrap elementor-element-populated\">\n\t\t\t\t\t\t<div class=\"elementor-element elementor-element-622d5bf elementor-widget elementor-widget-heading\" data-id=\"622d5bf\" data-element_type=\"widget\" data-widget_type=\"heading.default\">\n\t\t\t\t<div class=\"elementor-widget-container\">\n\t\t\t\t\t<h3 class=\"elementor-heading-title elementor-size-default\">Bezahlen<\/h3>\t\t\t\t<\/div>\n\t\t\t\t<\/div>\n\t\t\t\t<div class=\"elementor-element elementor-element-99477c3 elementor-widget elementor-widget-text-editor\" data-id=\"99477c3\" data-element_type=\"widget\" data-widget_type=\"text-editor.default\">\n\t\t\t\t<div class=\"elementor-widget-container\">\n\t\t\t\t\t\t\t\t\t<p>Sie k\u00f6nnen bei UIXI.eu immer sicher mit PayPal, SOFORT Banking, EPS, Giropay und Bancontant bezahlen.<\/p>\t\t\t\t\t\t\t\t<\/div>\n\t\t\t\t<\/div>\n\t\t\t\t<div class=\"elementor-element elementor-element-996024c elementor-widget elementor-widget-image\" data-id=\"996024c\" data-element_type=\"widget\" data-widget_type=\"image.default\">\n\t\t\t\t<div class=\"elementor-widget-container\">\n\t\t\t\t\t\t\t\t\t\t\t\t\t\t\t<img fetchpriority=\"high\" decoding=\"async\" width=\"881\" height=\"132\" src=\"https:\/\/liberpee.com\/wp-content\/uploads\/2024\/04\/UIXI-payment@1.5x.png\" class=\"attachment-large size-large wp-image-56912\" alt=\"\" srcset=\"https:\/\/liberpee.com\/wp-content\/uploads\/2024\/04\/UIXI-payment@1.5x.png 881w, https:\/\/liberpee.com\/wp-content\/uploads\/2024\/04\/UIXI-payment@1.5x-300x45.png 300w, https:\/\/liberpee.com\/wp-content\/uploads\/2024\/04\/UIXI-payment@1.5x-768x115.png 768w\" sizes=\"(max-width: 881px) 100vw, 881px\" \/>\t\t\t\t\t\t\t\t\t\t\t\t\t\t\t<\/div>\n\t\t\t\t<\/div>\n\t\t\t\t\t<\/div>\n\t\t<\/div>\n\t\t\t\t<div class=\"elementor-column elementor-col-33 elementor-inner-column elementor-element elementor-element-71a906e\" data-id=\"71a906e\" data-element_type=\"column\">\n\t\t\t<div class=\"elementor-widget-wrap\">\n\t\t\t\t\t\t\t<\/div>\n\t\t<\/div>\n\t\t\t\t\t<\/div>\n\t\t<\/section>\n\t\t\t\t<div class=\"elementor-element elementor-element-0a9581c elementor-widget-divider--view-line elementor-widget elementor-widget-divider\" data-id=\"0a9581c\" data-element_type=\"widget\" data-widget_type=\"divider.default\">\n\t\t\t\t<div class=\"elementor-widget-container\">\n\t\t\t\t\t\t\t<div class=\"elementor-divider\">\n\t\t\t<span class=\"elementor-divider-separator\">\n\t\t\t\t\t\t<\/span>\n\t\t<\/div>\n\t\t\t\t\t\t<\/div>\n\t\t\t\t<\/div>\n\t\t\t\t<section class=\"elementor-section elementor-inner-section elementor-element elementor-element-8adc2de elementor-section-boxed elementor-section-height-default elementor-section-height-default\" data-id=\"8adc2de\" data-element_type=\"section\">\n\t\t\t\t\t\t<div class=\"elementor-container elementor-column-gap-default\">\n\t\t\t\t\t<div class=\"elementor-column elementor-col-33 elementor-inner-column elementor-element elementor-element-082c211\" data-id=\"082c211\" data-element_type=\"column\">\n\t\t\t<div class=\"elementor-widget-wrap\">\n\t\t\t\t\t\t\t<\/div>\n\t\t<\/div>\n\t\t\t\t<div class=\"elementor-column elementor-col-33 elementor-inner-column elementor-element elementor-element-4737718\" data-id=\"4737718\" data-element_type=\"column\">\n\t\t\t<div class=\"elementor-widget-wrap elementor-element-populated\">\n\t\t\t\t\t\t<div class=\"elementor-element elementor-element-abe069c elementor-widget elementor-widget-heading\" data-id=\"abe069c\" data-element_type=\"widget\" data-widget_type=\"heading.default\">\n\t\t\t\t<div class=\"elementor-widget-container\">\n\t\t\t\t\t<h3 class=\"elementor-heading-title elementor-size-default\">Versand<\/h3>\t\t\t\t<\/div>\n\t\t\t\t<\/div>\n\t\t\t\t<div class=\"elementor-element elementor-element-710e013 elementor-widget elementor-widget-text-editor\" data-id=\"710e013\" data-element_type=\"widget\" data-widget_type=\"text-editor.default\">\n\t\t\t\t<div class=\"elementor-widget-container\">\n\t\t\t\t\t\t\t\t\t<p>Wir tun unser Bestes, um Ihre Bestellung so schnell wie m\u00f6glich zu liefern. Die Lieferzeit betr\u00e4gt in der Regel zwei bis f\u00fcnf Arbeitstage. Die Versandkosten innerhalb der Niederlande betragen 3,95 \u20ac. Die Versandkosten f\u00fcr Belgien betragen 5,00 \u20ac. Die Versandkosten in andere L\u00e4nder k\u00f6nnen h\u00f6her sein. Wir nutzen die Dienste von DPD f\u00fcr den Versand.<\/p>\t\t\t\t\t\t\t\t<\/div>\n\t\t\t\t<\/div>\n\t\t\t\t\t<\/div>\n\t\t<\/div>\n\t\t\t\t<div class=\"elementor-column elementor-col-33 elementor-inner-column elementor-element elementor-element-de42120\" data-id=\"de42120\" data-element_type=\"column\">\n\t\t\t<div class=\"elementor-widget-wrap\">\n\t\t\t\t\t\t\t<\/div>\n\t\t<\/div>\n\t\t\t\t\t<\/div>\n\t\t<\/section>\n\t\t\t\t<div class=\"elementor-element elementor-element-e11d569 elementor-widget-divider--view-line elementor-widget elementor-widget-divider\" data-id=\"e11d569\" data-element_type=\"widget\" data-widget_type=\"divider.default\">\n\t\t\t\t<div class=\"elementor-widget-container\">\n\t\t\t\t\t\t\t<div class=\"elementor-divider\">\n\t\t\t<span class=\"elementor-divider-separator\">\n\t\t\t\t\t\t<\/span>\n\t\t<\/div>\n\t\t\t\t\t\t<\/div>\n\t\t\t\t<\/div>\n\t\t\t\t<section class=\"elementor-section elementor-inner-section elementor-element elementor-element-425534f elementor-section-boxed elementor-section-height-default elementor-section-height-default\" data-id=\"425534f\" data-element_type=\"section\">\n\t\t\t\t\t\t<div class=\"elementor-container elementor-column-gap-default\">\n\t\t\t\t\t<div class=\"elementor-column elementor-col-33 elementor-inner-column elementor-element elementor-element-a1409c0\" data-id=\"a1409c0\" data-element_type=\"column\">\n\t\t\t<div class=\"elementor-widget-wrap\">\n\t\t\t\t\t\t\t<\/div>\n\t\t<\/div>\n\t\t\t\t<div class=\"elementor-column elementor-col-33 elementor-inner-column elementor-element elementor-element-0d3eddd\" data-id=\"0d3eddd\" data-element_type=\"column\">\n\t\t\t<div class=\"elementor-widget-wrap elementor-element-populated\">\n\t\t\t\t\t\t<div class=\"elementor-element elementor-element-a8ba9e0 elementor-widget elementor-widget-heading\" data-id=\"a8ba9e0\" data-element_type=\"widget\" data-widget_type=\"heading.default\">\n\t\t\t\t<div class=\"elementor-widget-container\">\n\t\t\t\t\t<h3 class=\"elementor-heading-title elementor-size-default\">Umtausch und R\u00fcckgabe<\/h3>\t\t\t\t<\/div>\n\t\t\t\t<\/div>\n\t\t\t\t<div class=\"elementor-element elementor-element-d276c0e elementor-widget elementor-widget-text-editor\" data-id=\"d276c0e\" data-element_type=\"widget\" data-widget_type=\"text-editor.default\">\n\t\t\t\t<div class=\"elementor-widget-container\">\n\t\t\t\t\t\t\t\t\t<p>Leider k\u00f6nnen wir das Liberpee aus hygienischen Gr\u00fcnden nicht zur\u00fccknehmen. Sollte jedoch aus irgendeinem Grund etwas mit dem Liberpee, den Sie erhalten haben, nicht in Ordnung sein, kontaktieren Sie uns bitte unter: <a href=\"mailto:info@liberpee.com\">info@liberpee.com<\/a> oder 0413-256968. Wir werden dann alles tun, um das Problem zu l\u00f6sen. Wenn Sie trotzdem von Ihrem Widerrufsrecht Gebrauch machen wollen, schicken Sie uns eine E-Mail und wir werden das Problem gemeinsam l\u00f6sen.<\/p>\t\t\t\t\t\t\t\t<\/div>\n\t\t\t\t<\/div>\n\t\t\t\t\t<\/div>\n\t\t<\/div>\n\t\t\t\t<div class=\"elementor-column elementor-col-33 elementor-inner-column elementor-element elementor-element-29824ea\" data-id=\"29824ea\" data-element_type=\"column\">\n\t\t\t<div class=\"elementor-widget-wrap\">\n\t\t\t\t\t\t\t<\/div>\n\t\t<\/div>\n\t\t\t\t\t<\/div>\n\t\t<\/section>\n\t\t\t\t<div class=\"elementor-element elementor-element-811ba8f elementor-widget-divider--view-line elementor-widget elementor-widget-divider\" data-id=\"811ba8f\" data-element_type=\"widget\" data-widget_type=\"divider.default\">\n\t\t\t\t<div class=\"elementor-widget-container\">\n\t\t\t\t\t\t\t<div class=\"elementor-divider\">\n\t\t\t<span class=\"elementor-divider-separator\">\n\t\t\t\t\t\t<\/span>\n\t\t<\/div>\n\t\t\t\t\t\t<\/div>\n\t\t\t\t<\/div>\n\t\t\t\t<section class=\"elementor-section elementor-inner-section elementor-element elementor-element-ecf8be8 elementor-section-boxed elementor-section-height-default elementor-section-height-default\" data-id=\"ecf8be8\" data-element_type=\"section\">\n\t\t\t\t\t\t<div class=\"elementor-container elementor-column-gap-default\">\n\t\t\t\t\t<div class=\"elementor-column elementor-col-33 elementor-inner-column elementor-element elementor-element-d53d8d7\" data-id=\"d53d8d7\" data-element_type=\"column\">\n\t\t\t<div class=\"elementor-widget-wrap\">\n\t\t\t\t\t\t\t<\/div>\n\t\t<\/div>\n\t\t\t\t<div class=\"elementor-column elementor-col-33 elementor-inner-column elementor-element elementor-element-15f3b45\" data-id=\"15f3b45\" data-element_type=\"column\">\n\t\t\t<div class=\"elementor-widget-wrap elementor-element-populated\">\n\t\t\t\t\t\t<div class=\"elementor-element elementor-element-08ee8b9 elementor-widget elementor-widget-heading\" data-id=\"08ee8b9\" data-element_type=\"widget\" data-widget_type=\"heading.default\">\n\t\t\t\t<div class=\"elementor-widget-container\">\n\t\t\t\t\t<h3 class=\"elementor-heading-title elementor-size-default\">Garantie &amp; Reklamationen<\/h3>\t\t\t\t<\/div>\n\t\t\t\t<\/div>\n\t\t\t\t<div class=\"elementor-element elementor-element-412938b elementor-widget elementor-widget-text-editor\" data-id=\"412938b\" data-element_type=\"widget\" data-widget_type=\"text-editor.default\">\n\t\t\t\t<div class=\"elementor-widget-container\">\n\t\t\t\t\t\t\t\t\t<p><strong>Garantie<\/strong><\/p><p>Es ist uns wichtig, dass Ihre Bestellung in einwandfreiem Zustand bei Ihnen eintrifft. Dennoch kann es manchmal vorkommen, dass eine Bestellung w\u00e4hrend des Transports besch\u00e4digt wird oder etwas anderes passiert, was einen Garantieanspruch ausl\u00f6st. Rechtlich gesehen m\u00fcssen Sie uns dies innerhalb von zwei Monaten nach Entdeckung des Schadens melden. F\u00e4llt der Defekt unter die Garantie, sorgen wir selbstverst\u00e4ndlich daf\u00fcr, dass Ihnen kostenlos ein neues Liberpee zugeschickt wird.<\/p><p><strong>Reklamationen<\/strong><\/p><p>Wenn etwas nicht ganz so l\u00e4uft wie geplant oder du eine Beschwerde \u00fcber Liberpee, unsere Produkte oder unseren Service hast? Wir w\u00fcrden es vorziehen, so schnell wie m\u00f6glich davon zu h\u00f6ren! Schicke deine Beschwerde an info@liberpee.com, und wir sorgen daf\u00fcr, dass du so schnell wie m\u00f6glich (sp\u00e4testens innerhalb von 14 Tagen) eine Antwort von uns bekommst.<\/p>\t\t\t\t\t\t\t\t<\/div>\n\t\t\t\t<\/div>\n\t\t\t\t\t<\/div>\n\t\t<\/div>\n\t\t\t\t<div class=\"elementor-column elementor-col-33 elementor-inner-column elementor-element elementor-element-c9049d0\" data-id=\"c9049d0\" data-element_type=\"column\">\n\t\t\t<div class=\"elementor-widget-wrap\">\n\t\t\t\t\t\t\t<\/div>\n\t\t<\/div>\n\t\t\t\t\t<\/div>\n\t\t<\/section>\n\t\t\t\t\t<\/div>\n\t\t<\/div>\n\t\t\t\t\t<\/div>\n\t\t<\/section>\n\t\t\t\t<\/div>\n\t\t","protected":false},"excerpt":{"rendered":"<p>Liberpee ist Ihre \u201cLebensretterin\u201d! Kundenservice Bezahlen Sie k\u00f6nnen bei UIXI.eu immer sicher mit PayPal, SOFORT Banking, EPS, Giropay und Bancontant bezahlen. Versand Wir tun unser Bestes, um Ihre Bestellung so schnell wie m\u00f6glich zu liefern. Die Lieferzeit betr\u00e4gt in der Regel zwei bis f\u00fcnf Arbeitstage. Die Versandkosten innerhalb der Niederlande betragen 3,95 \u20ac. Die Versandkosten [&hellip;]<\/p>\n","protected":false},"author":8153,"featured_media":0,"parent":0,"menu_order":0,"comment_status":"closed","ping_status":"closed","template":"page-boxed.php","meta":{"footnotes":""},"class_list":["post-19309","page","type-page","status-publish","hentry"],"_links":{"self":[{"href":"https:\/\/liberpee.com\/de\/wp-json\/wp\/v2\/pages\/19309","targetHints":{"allow":["GET"]}}],"collection":[{"href":"https:\/\/liberpee.com\/de\/wp-json\/wp\/v2\/pages"}],"about":[{"href":"https:\/\/liberpee.com\/de\/wp-json\/wp\/v2\/types\/page"}],"author":[{"embeddable":true,"href":"https:\/\/liberpee.com\/de\/wp-json\/wp\/v2\/users\/8153"}],"replies":[{"embeddable":true,"href":"https:\/\/liberpee.com\/de\/wp-json\/wp\/v2\/comments?post=19309"}],"version-history":[{"count":25,"href":"https:\/\/liberpee.com\/de\/wp-json\/wp\/v2\/pages\/19309\/revisions"}],"predecessor-version":[{"id":56920,"href":"https:\/\/liberpee.com\/de\/wp-json\/wp\/v2\/pages\/19309\/revisions\/56920"}],"wp:attachment":[{"href":"https:\/\/liberpee.com\/de\/wp-json\/wp\/v2\/media?parent=19309"}],"curies":[{"name":"wp","href":"https:\/\/api.w.org\/{rel}","templated":true}]}}